{"id":11,"date":"2022-07-11T01:50:16","date_gmt":"2022-07-11T01:50:16","guid":{"rendered":"http:\/\/belezaemteste.com\/?page_id=11"},"modified":"2022-07-11T01:51:12","modified_gmt":"2022-07-11T01:51:12","slug":"sobre","status":"publish","type":"page","link":"https:\/\/belezaemteste.com\/index.php\/sobre\/","title":{"rendered":"SOBRE"},"content":{"rendered":"\n<p>Apaixonada por novidades e tend\u00eancias e uma verdadeira louca da farm\u00e1cia, vou compartilhar todas as minhas descobertas, experi\u00eancias e testes nos mais variados produtos, para te ajudar com informa\u00e7\u00f5es que podem contribuir para suas decis\u00f5es e escolhas daquele produto que voc\u00ea quer, mas n\u00e3o sabe qual.<\/p>\n\n\n<div class=\"wp-block-image is-style-rounded\">\n<figure class=\"aligncenter size-large\"><img decoding=\"async\" loading=\"lazy\" width=\"1024\" height=\"683\" src=\"http:\/\/belezaemteste.com\/wp-content\/uploads\/2022\/07\/Belezaemteste-1024x683.jpg\" alt=\"\" class=\"wp-image-13\" srcset=\"https:\/\/belezaemteste.com\/wp-content\/uploads\/2022\/07\/Belezaemteste-1024x683.jpg 1024w, https:\/\/belezaemteste.com\/wp-content\/uploads\/2022\/07\/Belezaemteste-300x200.jpg 300w, https:\/\/belezaemteste.com\/wp-content\/uploads\/2022\/07\/Belezaemteste-768x512.jpg 768w, https:\/\/belezaemteste.com\/wp-content\/uploads\/2022\/07\/Belezaemteste-1536x1024.jpg 1536w, https:\/\/belezaemteste.com\/wp-content\/uploads\/2022\/07\/Belezaemteste.jpg 1920w\" sizes=\"(max-width: 1024px) 100vw, 1024px\" \/><figcaption>testando produtos<\/figcaption><\/figure><\/div>","protected":false},"excerpt":{"rendered":"<p>Apaixonada por novidades e tend\u00eancias e uma verdadeira louca da farm\u00e1cia, vou compartilhar todas as minhas descobertas, experi\u00eancias e testes nos mais variados produtos, para te ajudar com informa\u00e7\u00f5es que podem contribuir para suas decis\u00f5es e escolhas daquele produto que voc\u00ea quer, mas n\u00e3o sabe qual.<\/p>\n","protected":false},"author":1,"featured_media":0,"parent":0,"menu_order":0,"comment_status":"closed","ping_status":"closed","template":"","meta":{"_coblocks_attr":"","_coblocks_dimensions":"","_coblocks_responsive_height":"","_coblocks_accordion_ie_support":"","om_disable_all_campaigns":false,"inline_featured_image":false,"_monsterinsights_skip_tracking":false,"_monsterinsights_sitenote_active":false,"_monsterinsights_sitenote_note":"","_monsterinsights_sitenote_category":0,"footnotes":""},"uagb_featured_image_src":{"full":false,"thumbnail":false,"medium":false,"medium_large":false,"large":false,"1536x1536":false,"2048x2048":false},"uagb_author_info":{"display_name":"Beleza Em Teste","author_link":"https:\/\/belezaemteste.com\/index.php\/author\/apdcarrerogmail-com\/"},"uagb_comment_info":0,"uagb_excerpt":"Apaixonada por novidades e tend\u00eancias e uma verdadeira louca da farm\u00e1cia, vou compartilhar todas as minhas descobertas, experi\u00eancias e testes nos mais variados produtos, para te ajudar com informa\u00e7\u00f5es que podem contribuir para suas decis\u00f5es e escolhas daquele produto que voc\u00ea quer, mas n\u00e3o sabe qual.","_links":{"self":[{"href":"https:\/\/belezaemteste.com\/index.php\/wp-json\/wp\/v2\/pages\/11"}],"collection":[{"href":"https:\/\/belezaemteste.com\/index.php\/wp-json\/wp\/v2\/pages"}],"about":[{"href":"https:\/\/belezaemteste.com\/index.php\/wp-json\/wp\/v2\/types\/page"}],"author":[{"embeddable":true,"href":"https:\/\/belezaemteste.com\/index.php\/wp-json\/wp\/v2\/users\/1"}],"replies":[{"embeddable":true,"href":"https:\/\/belezaemteste.com\/index.php\/wp-json\/wp\/v2\/comments?post=11"}],"version-history":[{"count":1,"href":"https:\/\/belezaemteste.com\/index.php\/wp-json\/wp\/v2\/pages\/11\/revisions"}],"predecessor-version":[{"id":14,"href":"https:\/\/belezaemteste.com\/index.php\/wp-json\/wp\/v2\/pages\/11\/revisions\/14"}],"wp:attachment":[{"href":"https:\/\/belezaemteste.com\/index.php\/wp-json\/wp\/v2\/media?parent=11"}],"curies":[{"name":"wp","href":"https:\/\/api.w.org\/{rel}","templated":true}]}}