{"id":35,"date":"2022-07-12T03:40:23","date_gmt":"2022-07-12T03:40:23","guid":{"rendered":"http:\/\/belezaemteste.com\/?page_id=35"},"modified":"2024-07-29T01:22:46","modified_gmt":"2024-07-29T01:22:46","slug":"beleza-em-teste-vamos-testar","status":"publish","type":"page","link":"https:\/\/belezaemteste.com\/","title":{"rendered":"Beleza em teste &#8211; vamos testar?"},"content":{"rendered":"\n<section class=\"wp-block-uagb-section uagb-section__wrap uagb-section__background-image alignwide uagb-block-dde81812\"><div class=\"uagb-section__overlay\"><\/div><div class=\"uagb-section__inner-wrap\">\n<section class=\"wp-block-uagb-columns uagb-columns__wrap uagb-columns__background-undefined uagb-columns__stack-mobile uagb-columns__valign-undefined uagb-columns__gap-10 alignundefined uagb-block-32d5bce3\"><div class=\"uagb-columns__overlay\"><\/div><div class=\"uagb-columns__inner-wrap uagb-columns__columns-2\">\n<div class=\"wp-block-uagb-column uagb-column__wrap uagb-column__background-undefined uagb-block-9c419c5b\"><div class=\"uagb-column__overlay\"><\/div><div class=\"uagb-column__inner-wrap\">\n<div class=\"wp-block-uagb-advanced-heading uagb-block-f5bbb208\"><h2 class=\"uagb-heading-text\">Vamos testar?<\/h2><div class=\"uagb-separator-wrap\"><div class=\"uagb-separator\"><\/div><\/div><p class=\"uagb-desc-text\">Esse blog foi feito para te ajudar a conhecer mais sobre os produtos mesmo antes de comprar. Sabe aquela d\u00favida, que voc\u00ea gostaria de perguntar para algu\u00e9m que j\u00e1 usou o produto, aqui voc\u00ea est\u00e1 em casa, e deixei tamb\u00e9m seus coment\u00e1rios quando testar, h\u00e1 que sabemos que cada um reage de uma forma a um produtinho. Te aguardo!<\/p><\/div>\n<\/div><\/div>\n\n\n\n<div class=\"wp-block-uagb-column uagb-column__wrap uagb-column__background-undefined uagb-block-aaedbf61\"><div class=\"uagb-column__overlay\"><\/div><div class=\"uagb-column__inner-wrap\"><div class=\"wp-block-image\">\n<figure class=\"aligncenter size-large is-resized\"><img decoding=\"async\"  src=\"http:\/\/belezaemteste.com\/wp-content\/uploads\/2022\/07\/Featured-Products.svg\" alt=\"\" class=\"wp-image-41\" style=\"width:400px\"\/><\/figure><\/div><\/div><\/div>\n<\/div><\/section>\n<\/div><\/section>\n\n\n\n<div style=\"height:37px\" aria-hidden=\"true\" class=\"wp-block-spacer\"><\/div>\n\n\n\n<h2 class=\"wp-block-heading has-text-align-center has-text-color has-montserrat-font-family has-custom-font has-custom-weight\" style=\"color:#ad67ea;font-family:Montserrat;font-weight:700\">POSTS RECENTES<\/h2>\n\n\n\n<div class=\"wp-block-columns is-layout-flex wp-container-2 wp-block-columns-is-layout-flex\">\n<div class=\"wp-block-column is-layout-flow wp-block-column-is-layout-flow\" style=\"flex-basis:100%\"><ul class=\"wp-block-latest-posts__list wp-block-latest-posts\"><li><a class=\"wp-block-latest-posts__post-title\" href=\"https:\/\/belezaemteste.com\/index.php\/2024\/07\/28\/66\/\">corretivo Glass, de Ruby Rose: tudo que voc\u00ea precisa saber sobre sua f\u00f3rmula e aplica\u00e7\u00e3o<\/a><\/li>\n<li><a class=\"wp-block-latest-posts__post-title\" href=\"https:\/\/belezaemteste.com\/index.php\/2022\/07\/14\/propolis-funciona\/\">PR\u00d3POLIS FUNCIONA?<\/a><\/li>\n<li><a class=\"wp-block-latest-posts__post-title\" href=\"https:\/\/belezaemteste.com\/index.php\/2022\/07\/12\/63\/\">(sem t\u00edtulo)<\/a><\/li>\n<li><a class=\"wp-block-latest-posts__post-title\" href=\"https:\/\/belezaemteste.com\/index.php\/2022\/07\/12\/testei-o-soro-rejuvenescedor-advanced-genifique-de-lamcome\/\">TESTEI O SORO ADVANCED G\u00c9NIFIQUE, DE LANCOME<\/a><\/li>\n<\/ul><\/div>\n<\/div>\n\n\n\n<section class=\"wp-block-uagb-section uagb-section__wrap uagb-section__background-undefined uagb-block-4adb7857\"><div class=\"uagb-section__overlay\"><\/div><div class=\"uagb-section__inner-wrap\">\n\t\t\t<div class=\"uagb-post-grid  uagb-post__image-position-top uagb-block-04f4e3b5   \" data-total=\"2\">\n\n\t\t\t\t<div class=\"uagb-post__items uagb-post__columns-3 is-grid uagb-post__columns-tablet-2 uagb-post__columns-mobile-1 uagb-post__equal-height\">\n\n\t\t\t\t\t\t\t\t<article >\n\t\t\t\t\t\t\t\t\t\t<div class=\"uagb-post__inner-wrap\">\n\t\t\t\t\t\t\t\t\t\t\t\t\t\t\t<div class='uagb-post__image'>\n\t\t\t\t<a href=\"https:\/\/belezaemteste.com\/index.php\/2024\/07\/28\/66\/\" target=\"_self\" rel=\"bookmark noopener noreferrer\"><img loading=\"lazy\" width=\"607\" height=\"607\" src=\"https:\/\/belezaemteste.com\/wp-content\/uploads\/2022\/07\/304-deep-cleansing-exfoliator_1.jpg\" class=\"attachment-large size-large\" alt=\"\" decoding=\"async\" srcset=\"https:\/\/belezaemteste.com\/wp-content\/uploads\/2022\/07\/304-deep-cleansing-exfoliator_1.jpg 607w, https:\/\/belezaemteste.com\/wp-content\/uploads\/2022\/07\/304-deep-cleansing-exfoliator_1-300x300.jpg 300w, https:\/\/belezaemteste.com\/wp-content\/uploads\/2022\/07\/304-deep-cleansing-exfoliator_1-150x150.jpg 150w\" sizes=\"(max-width: 607px) 100vw, 607px\" \/>\t\t\t\t<\/a>\n\t\t\t<\/div>\n\t\t\t\t\t\t<div class='uagb-post__text'> \n\t\t\t\t<h3 class=\"uagb-post__title\">\n\t\t\t\t\t<a href=\"https:\/\/belezaemteste.com\/index.php\/2024\/07\/28\/66\/\" target=\"_self\" rel=\"bookmark noopener noreferrer\">corretivo Glass, de Ruby Rose: tudo que voc\u00ea precisa saber sobre sua f\u00f3rmula e aplica\u00e7\u00e3o<\/a>\n\t\t\t\t<\/h3>\n\t\t\t<\/div>\n\t\t\t\t\t\t<div class='uagb-post__text'> \n\t\t\t<div class=\"uagb-post-grid-byline\">\n\t\t\t\t\t\t\t\t<time datetime=\"2024-07-28T22:26:24+00:00\" class=\"uagb-post__date\">\n\t\t\t\t\t<span class=\"dashicons-calendar dashicons\"><\/span>\n\t\t\t\t\tjulho 28, 2024\t\t\t\t<\/time>\n\t\t\t\t\t\t<\/div>\n\t\t\t<\/div>\n\t\t\t\t\t\t<div class='uagb-post__text'> \n\t\t\t\t<div class=\"uagb-post__cta\">\n\t\t\t\t\t<a class=\"uagb-post__link uagb-text-link\" href=\"https:\/\/belezaemteste.com\/index.php\/2024\/07\/28\/66\/\" target=\"_self\" rel=\"bookmark noopener noreferrer\">LEIA MAIS<\/a>\n\t\t\t\t<\/div>\n\t\t\t<\/div>\n\t\t\t\t\t\t\t\t<\/div>\n\t\t\t\t\t\t\t\t\t<\/article>\n\t\t\t\t\t\t\t\t<article >\n\t\t\t\t\t\t\t\t\t\t<div class=\"uagb-post__inner-wrap\">\n\t\t\t\t\t\t\t\t\t\t\t\t\t\t\t<div class='uagb-post__text'> \n\t\t\t\t<h3 class=\"uagb-post__title\">\n\t\t\t\t\t<a href=\"https:\/\/belezaemteste.com\/index.php\/2022\/07\/14\/propolis-funciona\/\" target=\"_self\" rel=\"bookmark noopener noreferrer\">PR\u00d3POLIS FUNCIONA?<\/a>\n\t\t\t\t<\/h3>\n\t\t\t<\/div>\n\t\t\t\t\t\t<div class='uagb-post__text'> \n\t\t\t<div class=\"uagb-post-grid-byline\">\n\t\t\t\t\t\t\t\t<time datetime=\"2022-07-14T18:58:43+00:00\" class=\"uagb-post__date\">\n\t\t\t\t\t<span class=\"dashicons-calendar dashicons\"><\/span>\n\t\t\t\t\tjulho 14, 2022\t\t\t\t<\/time>\n\t\t\t\t\t\t<\/div>\n\t\t\t<\/div>\n\t\t\t\t\t\t<div class='uagb-post__text'> \n\t\t\t\t<div class=\"uagb-post__cta\">\n\t\t\t\t\t<a class=\"uagb-post__link uagb-text-link\" href=\"https:\/\/belezaemteste.com\/index.php\/2022\/07\/14\/propolis-funciona\/\" target=\"_self\" rel=\"bookmark noopener noreferrer\">LEIA MAIS<\/a>\n\t\t\t\t<\/div>\n\t\t\t<\/div>\n\t\t\t\t\t\t\t\t<\/div>\n\t\t\t\t\t\t\t\t\t<\/article>\n\t\t\t\t\t\t\t\t<article >\n\t\t\t\t\t\t\t\t\t\t<div class=\"uagb-post__inner-wrap\">\n\t\t\t\t\t\t\t\t\t\t\t\t\t\t\t<div class='uagb-post__image'>\n\t\t\t\t<a href=\"https:\/\/belezaemteste.com\/index.php\/2022\/07\/12\/63\/\" target=\"_self\" rel=\"bookmark noopener noreferrer\"><img loading=\"lazy\" width=\"607\" height=\"607\" src=\"https:\/\/belezaemteste.com\/wp-content\/uploads\/2022\/07\/315-moisturizing-toner-ingredients.jpg\" class=\"attachment-large size-large\" alt=\"\" decoding=\"async\" srcset=\"https:\/\/belezaemteste.com\/wp-content\/uploads\/2022\/07\/315-moisturizing-toner-ingredients.jpg 607w, https:\/\/belezaemteste.com\/wp-content\/uploads\/2022\/07\/315-moisturizing-toner-ingredients-300x300.jpg 300w, https:\/\/belezaemteste.com\/wp-content\/uploads\/2022\/07\/315-moisturizing-toner-ingredients-150x150.jpg 150w\" sizes=\"(max-width: 607px) 100vw, 607px\" \/>\t\t\t\t<\/a>\n\t\t\t<\/div>\n\t\t\t\t\t\t<div class='uagb-post__text'> \n\t\t\t\t<h3 class=\"uagb-post__title\">\n\t\t\t\t\t<a href=\"https:\/\/belezaemteste.com\/index.php\/2022\/07\/12\/63\/\" target=\"_self\" rel=\"bookmark noopener noreferrer\"><\/a>\n\t\t\t\t<\/h3>\n\t\t\t<\/div>\n\t\t\t\t\t\t<div class='uagb-post__text'> \n\t\t\t<div class=\"uagb-post-grid-byline\">\n\t\t\t\t\t\t\t\t<time datetime=\"2022-07-12T05:04:51+00:00\" class=\"uagb-post__date\">\n\t\t\t\t\t<span class=\"dashicons-calendar dashicons\"><\/span>\n\t\t\t\t\tjulho 12, 2022\t\t\t\t<\/time>\n\t\t\t\t\t\t<\/div>\n\t\t\t<\/div>\n\t\t\t\t\t\t<div class='uagb-post__text'> \n\t\t\t\t<div class=\"uagb-post__cta\">\n\t\t\t\t\t<a class=\"uagb-post__link uagb-text-link\" href=\"https:\/\/belezaemteste.com\/index.php\/2022\/07\/12\/63\/\" target=\"_self\" rel=\"bookmark noopener noreferrer\">LEIA MAIS<\/a>\n\t\t\t\t<\/div>\n\t\t\t<\/div>\n\t\t\t\t\t\t\t\t<\/div>\n\t\t\t\t\t\t\t\t\t<\/article>\n\t\t\t\t\t\t\t\t<\/div>\n\t\t\t\t\t\t\t<\/div>\n\t\t\t\n\n\n<section class=\"wp-block-uagb-section uagb-section__wrap uagb-section__background-undefined uagb-block-e30c86af\"><div class=\"uagb-section__overlay\"><\/div><div class=\"uagb-section__inner-wrap\">\n<!-- Begin Mailchimp Signup Form -->\n<link href=\"\/\/cdn-images.mailchimp.com\/embedcode\/classic-10_7_dtp.css\" rel=\"stylesheet\" type=\"text\/css\">\n<style type=\"text\/css\">\n\t#mc_embed_signup{background:#fff; clear:left; font:14px Helvetica,Arial,sans-serif;  width:600px;}\n\t\/* Add your own Mailchimp form style overrides in your site stylesheet or in this style block.\n\t   We recommend moving this block and the preceding CSS link to the HEAD of your HTML file. *\/\n<\/style>\n<div id=\"mc_embed_signup\">\n<form action=\"https:\/\/belezaemteste.us9.list-manage.com\/subscribe\/post?u=0dcdaf7f7616deb343665e58c&amp;id=0d87d33c28\" method=\"post\" id=\"mc-embedded-subscribe-form\" name=\"mc-embedded-subscribe-form\" class=\"validate\" target=\"_blank\" novalidate=\"\">\n    <div id=\"mc_embed_signup_scroll\">\n\t<h2>Inscreva-se para receber as melhores dicas de beleza e testes de produtos! <\/h2>\n<div class=\"indicates-required\"><span class=\"asterisk\">*<\/span> indicates required<\/div>\n<div class=\"mc-field-group\">\n\t<label for=\"mce-EMAIL\">Email Address  <span class=\"asterisk\">*<\/span>\n<\/label>\n\t<input type=\"email\" value=\"\" name=\"EMAIL\" class=\"required email\" id=\"mce-EMAIL\">\n<\/div>\n\t<div id=\"mce-responses\" class=\"clear foot\">\n\t\t<div class=\"response\" id=\"mce-error-response\" style=\"display:none\"><\/div>\n\t\t<div class=\"response\" id=\"mce-success-response\" style=\"display:none\"><\/div>\n\t<\/div>    <!-- real people should not fill this in and expect good things - do not remove this or risk form bot signups-->\n    <div style=\"position: absolute; left: -5000px;\" aria-hidden=\"true\"><input type=\"text\" name=\"b_0dcdaf7f7616deb343665e58c_0d87d33c28\" tabindex=\"-1\" value=\"\"><\/div>\n        <div class=\"optionalParent\">\n            <div class=\"clear foot\">\n                <input type=\"submit\" value=\"Subscribe\" name=\"subscribe\" id=\"mc-embedded-subscribe\" class=\"button\">\n                <p class=\"brandingLogo\"><a href=\"http:\/\/eepurl.com\/h6Ph25\" title=\"Mailchimp - email marketing made easy and fun\"><img decoding=\"async\" src=\"https:\/\/eep.io\/mc-cdn-images\/template_images\/branding_logo_text_dark_dtp.svg\"><\/a><\/p>\n            <\/div>\n        <\/div>\n    <\/div>\n<\/form>\n<\/div>\n<script type=\"text\/javascript\" src=\"\/\/s3.amazonaws.com\/downloads.mailchimp.com\/js\/mc-validate.js\"><\/script><script type=\"text\/javascript\">(function($) {window.fnames = new Array(); window.ftypes = new Array();fnames[0]='EMAIL';ftypes[0]='email';fnames[1]='FNAME';ftypes[1]='text';fnames[2]='LNAME';ftypes[2]='text';fnames[3]='ADDRESS';ftypes[3]='address';fnames[4]='PHONE';ftypes[4]='phone';fnames[5]='BIRTHDAY';ftypes[5]='birthday';}(jQuery));var $mcj = jQuery.noConflict(true);<\/script>\n<!--End mc_embed_signup-->\n<\/div><\/section>\n<\/div><\/section>\n","protected":false},"excerpt":{"rendered":"<p>POSTS RECENTES<\/p>\n","protected":false},"author":1,"featured_media":0,"parent":0,"menu_order":0,"comment_status":"closed","ping_status":"closed","template":"","meta":{"_coblocks_attr":"Montserrat","_coblocks_dimensions":"","_coblocks_responsive_height":"","_coblocks_accordion_ie_support":"","om_disable_all_campaigns":false,"inline_featured_image":false,"_monsterinsights_skip_tracking":false,"_monsterinsights_sitenote_active":false,"_monsterinsights_sitenote_note":"","_monsterinsights_sitenote_category":0,"footnotes":""},"uagb_featured_image_src":{"full":false,"thumbnail":false,"medium":false,"medium_large":false,"large":false,"1536x1536":false,"2048x2048":false},"uagb_author_info":{"display_name":"Beleza Em Teste","author_link":"https:\/\/belezaemteste.com\/index.php\/author\/apdcarrerogmail-com\/"},"uagb_comment_info":0,"uagb_excerpt":"POSTS RECENTES","_links":{"self":[{"href":"https:\/\/belezaemteste.com\/index.php\/wp-json\/wp\/v2\/pages\/35"}],"collection":[{"href":"https:\/\/belezaemteste.com\/index.php\/wp-json\/wp\/v2\/pages"}],"about":[{"href":"https:\/\/belezaemteste.com\/index.php\/wp-json\/wp\/v2\/types\/page"}],"author":[{"embeddable":true,"href":"https:\/\/belezaemteste.com\/index.php\/wp-json\/wp\/v2\/users\/1"}],"replies":[{"embeddable":true,"href":"https:\/\/belezaemteste.com\/index.php\/wp-json\/wp\/v2\/comments?post=35"}],"version-history":[{"count":19,"href":"https:\/\/belezaemteste.com\/index.php\/wp-json\/wp\/v2\/pages\/35\/revisions"}],"predecessor-version":[{"id":109,"href":"https:\/\/belezaemteste.com\/index.php\/wp-json\/wp\/v2\/pages\/35\/revisions\/109"}],"wp:attachment":[{"href":"https:\/\/belezaemteste.com\/index.php\/wp-json\/wp\/v2\/media?parent=35"}],"curies":[{"name":"wp","href":"https:\/\/api.w.org\/{rel}","templated":true}]}}